{"id":3627,"date":"2021-05-20T01:36:54","date_gmt":"2021-05-20T01:36:54","guid":{"rendered":"http:\/\/glamaholic.shop\/new\/product\/goldwell-colorance-soft-color-5n-light-brown\/"},"modified":"2021-05-20T01:36:56","modified_gmt":"2021-05-20T01:36:56","slug":"goldwell-colorance-soft-color-5n-light-brown","status":"publish","type":"product","link":"https:\/\/glamaholic.shop\/new\/product\/goldwell-colorance-soft-color-5n-light-brown\/","title":{"rendered":"Goldwell Colorance Soft Color 5N Light Brown"},"content":{"rendered":"<p>Enkel skumtoning med snabbt resultat!Soft Color \u00e4r en smidig skumtoning som \u00e4r enkel att av\u00e4nda och ger h\u00e5ret f\u00e4rg, samt mer lyster och glans. Du kan endast k\u00f6pa Soft Color hos hos fris\u00f6ren.<br \/>&#8211; Storlek: 125ml<br \/>&#8211; Skonsam toning f\u00f6r b\u00e5de hud och h\u00e5r.<br \/>&#8211; N\u00e5r 80% av sin f\u00e4rgintensitet p\u00e5 endast 5 minuter<br \/>&#8211; Ger lysande och gl\u00e4nsande f\u00e4rgresultat<br \/>&#8211; Anv\u00e4ndning:Snabb och enkel applicering med h\u00e4nderna, kam eller borste.&nbsp;<\/p>\n<p>Anv\u00e4nd handskar vid applicering och sk\u00f6lj ur.<\/p>\n","protected":false},"excerpt":{"rendered":"<p>Goldwell Colorance Soft Color 5N Light Brown<\/p>\n","protected":false},"featured_media":562,"comment_status":"closed","ping_status":"open","template":"","meta":{"_monsterinsights_skip_tracking":false,"_monsterinsights_sitenote_active":false,"_monsterinsights_sitenote_note":"","_monsterinsights_sitenote_category":0},"hair-type":[],"manufacturer":[92],"_links":{"self":[{"href":"https:\/\/glamaholic.shop\/new\/wp-json\/wp\/v2\/product\/3627"}],"collection":[{"href":"https:\/\/glamaholic.shop\/new\/wp-json\/wp\/v2\/product"}],"about":[{"href":"https:\/\/glamaholic.shop\/new\/wp-json\/wp\/v2\/types\/product"}],"replies":[{"embeddable":true,"href":"https:\/\/glamaholic.shop\/new\/wp-json\/wp\/v2\/comments?post=3627"}],"wp:featuredmedia":[{"embeddable":true,"href":"https:\/\/glamaholic.shop\/new\/wp-json\/wp\/v2\/media\/562"}],"wp:attachment":[{"href":"https:\/\/glamaholic.shop\/new\/wp-json\/wp\/v2\/media?parent=3627"}],"wp:term":[{"taxonomy":"hair-type","embeddable":true,"href":"https:\/\/glamaholic.shop\/new\/wp-json\/wp\/v2\/hair-type?post=3627"},{"taxonomy":"manufacturer","embeddable":true,"href":"https:\/\/glamaholic.shop\/new\/wp-json\/wp\/v2\/manufacturer?post=3627"}],"curies":[{"name":"wp","href":"https:\/\/api.w.org\/{rel}","templated":true}]}}