{"id":3620,"date":"2021-05-20T01:36:54","date_gmt":"2021-05-20T01:36:54","guid":{"rendered":"http:\/\/glamaholic.shop\/new\/product\/goldwell-ph-68-intensivtoning-8g-guldblond\/"},"modified":"2021-05-20T01:36:55","modified_gmt":"2021-05-20T01:36:55","slug":"goldwell-ph-68-intensivtoning-8g-guldblond","status":"publish","type":"product","link":"https:\/\/glamaholic.shop\/new\/product\/goldwell-ph-68-intensivtoning-8g-guldblond\/","title":{"rendered":"Goldwell pH 6,8 Intensivtoning 8G Guldblond"},"content":{"rendered":"<p>Colorance pH 6,8<br \/>Den skonsamma intensivtoningen  med proffskvalitet f\u00f6r hemmabruk.<br \/>Ger skonsam och h\u00e5llbar f\u00e4rgf\u00f6r\u00e4ndring,  t\u00e4cker de f\u00f6rsta gr\u00e5 str\u00e5na och fr\u00e4schar upp  ett permanentat eller tr\u00f6tt h\u00e5r. <br \/>Ett slitet h\u00e5r behandlat med pH 6.8 k\u00e4nns ofta b\u00e4ttre  efter en behandling \u00e4n f\u00f6re. Detta beror p\u00e5 att  pH 6.8 har ett surt pH-v\u00e4rde. <br \/>Sura l\u00f6sningar drar samman h\u00e5rstr\u00e5t och g\u00f6r det t\u00e4tare. <br \/>H\u00e5rstr\u00e5t blir motst\u00e5ndskraftigt mot yttre slitage och  dessutom ser h\u00e5ret sl\u00e4tare, glansigare och friskare ut.<br \/>30 tv\u00e4ttar<br \/>Sitter upp till 30 tv\u00e4ttar men tv\u00e4ttas dock ur gradvis s\u00e5  att ingen utv\u00e4xt uppst\u00e5r. Inneh\u00e5ller panthenol som  binder fukt i h\u00e5ret och g\u00f6r det elastiskt.<br \/>20 nyanser<br \/>Finns i hela 20 olika nyanser och allt som beh\u00f6vs f\u00f6r  applicering finns i l\u00e5dan. S\u00e4ljs hos fris\u00f6ren som kan  ge ov\u00e4rderliga r\u00e5d och tips om vilken f\u00e4rg som  passar var och en b\u00e4st och hur du skall f\u00e5 den  att sitta s\u00e5 l\u00e4nge som m\u00f6jligt.<br \/>Goldwells PH6,8 supertoning inneh\u00e5ller 2% v\u00e4te och ingen amoniak.<br \/>&nbsp;<\/p>\n","protected":false},"excerpt":{"rendered":"<p>Goldwell pH 6,8 Intensivtoning 8G Guldblond<\/p>\n","protected":false},"featured_media":548,"comment_status":"closed","ping_status":"open","template":"","meta":{"_monsterinsights_skip_tracking":false,"_monsterinsights_sitenote_active":false,"_monsterinsights_sitenote_note":"","_monsterinsights_sitenote_category":0},"hair-type":[],"manufacturer":[92],"_links":{"self":[{"href":"https:\/\/glamaholic.shop\/new\/wp-json\/wp\/v2\/product\/3620"}],"collection":[{"href":"https:\/\/glamaholic.shop\/new\/wp-json\/wp\/v2\/product"}],"about":[{"href":"https:\/\/glamaholic.shop\/new\/wp-json\/wp\/v2\/types\/product"}],"replies":[{"embeddable":true,"href":"https:\/\/glamaholic.shop\/new\/wp-json\/wp\/v2\/comments?post=3620"}],"wp:featuredmedia":[{"embeddable":true,"href":"https:\/\/glamaholic.shop\/new\/wp-json\/wp\/v2\/media\/548"}],"wp:attachment":[{"href":"https:\/\/glamaholic.shop\/new\/wp-json\/wp\/v2\/media?parent=3620"}],"wp:term":[{"taxonomy":"hair-type","embeddable":true,"href":"https:\/\/glamaholic.shop\/new\/wp-json\/wp\/v2\/hair-type?post=3620"},{"taxonomy":"manufacturer","embeddable":true,"href":"https:\/\/glamaholic.shop\/new\/wp-json\/wp\/v2\/manufacturer?post=3620"}],"curies":[{"name":"wp","href":"https:\/\/api.w.org\/{rel}","templated":true}]}}