{"id":3611,"date":"2021-05-20T01:36:52","date_gmt":"2021-05-20T01:36:52","guid":{"rendered":"http:\/\/glamaholic.shop\/new\/product\/uniq-one-all-in-one-conditioner-shampo-coconut\/"},"modified":"2021-05-20T01:36:54","modified_gmt":"2021-05-20T01:36:54","slug":"uniq-one-all-in-one-conditioner-shampo-coconut","status":"publish","type":"product","link":"https:\/\/glamaholic.shop\/new\/product\/uniq-one-all-in-one-conditioner-shampo-coconut\/","title":{"rendered":"Uniq One All In One Conditioner Shampo Coconut"},"content":{"rendered":"<p>10 unika egenskaper, en produkt, Uniq One All in One Conditioning Shampoo!<\/p>\n<p><span>Nu med en l\u00e4cker doft av kokos, med inslag av rostade hasseln\u00f6tter och vanilj.<\/span>&nbsp;<\/p>\n<p>Ett h\u00e4rligt l\u00f6ddrande och v\u00e5rdande schampoo!<br \/>Denna fantastiska formula, med 10 unika egenskaper, reng\u00f6r ditt h\u00e5r effektivt och \u00e4r b\u00e5de skonsamt mot h\u00e5r och h\u00e5rbotten! H\u00e5ret kommer bli h\u00e4rligt mjukt och glansigt samtidigt som det st\u00e4rker och tar hand om ditt h\u00e5r p\u00e5 b\u00e4sta s\u00e4tt!<\/p>\n<p>Reng\u00f6r skonsamt h\u00e5r och h\u00e5rbotten.<br \/>Skyddar och \u00e5terfuktar h\u00e5rbotten.<br \/>G\u00f6r h\u00e5ret mjukt och silkeslent.<br \/>Tynger inte ner h\u00e5ret.<br \/>Tillf\u00f6r glans.<br \/>Eliminerar frissighet.<br \/>G\u00f6r h\u00e5ret l\u00e4tt att hantera och styla.<br \/>F\u00f6rb\u00e4ttrar h\u00e5rets elasticitet.<br \/>St\u00e4rker h\u00e5ret.<br \/>F\u00f6rebygger skadat h\u00e5r och kluvna toppar.<br \/>300 ml<\/p>\n","protected":false},"excerpt":{"rendered":"<p>Uniq One All In One Conditioner Shampo Coconut<\/p>\n","protected":false},"featured_media":530,"comment_status":"closed","ping_status":"open","template":"","meta":{"_monsterinsights_skip_tracking":false,"_monsterinsights_sitenote_active":false,"_monsterinsights_sitenote_note":"","_monsterinsights_sitenote_category":0},"hair-type":[84],"manufacturer":[116],"_links":{"self":[{"href":"https:\/\/glamaholic.shop\/new\/wp-json\/wp\/v2\/product\/3611"}],"collection":[{"href":"https:\/\/glamaholic.shop\/new\/wp-json\/wp\/v2\/product"}],"about":[{"href":"https:\/\/glamaholic.shop\/new\/wp-json\/wp\/v2\/types\/product"}],"replies":[{"embeddable":true,"href":"https:\/\/glamaholic.shop\/new\/wp-json\/wp\/v2\/comments?post=3611"}],"wp:featuredmedia":[{"embeddable":true,"href":"https:\/\/glamaholic.shop\/new\/wp-json\/wp\/v2\/media\/530"}],"wp:attachment":[{"href":"https:\/\/glamaholic.shop\/new\/wp-json\/wp\/v2\/media?parent=3611"}],"wp:term":[{"taxonomy":"hair-type","embeddable":true,"href":"https:\/\/glamaholic.shop\/new\/wp-json\/wp\/v2\/hair-type?post=3611"},{"taxonomy":"manufacturer","embeddable":true,"href":"https:\/\/glamaholic.shop\/new\/wp-json\/wp\/v2\/manufacturer?post=3611"}],"curies":[{"name":"wp","href":"https:\/\/api.w.org\/{rel}","templated":true}]}}