{"id":3566,"date":"2021-05-20T01:36:46","date_gmt":"2021-05-20T01:36:46","guid":{"rendered":"http:\/\/glamaholic.shop\/new\/product\/ref-volume-conditioner-445-750ml\/"},"modified":"2021-05-20T01:36:47","modified_gmt":"2021-05-20T01:36:47","slug":"ref-volume-conditioner-445-750ml","status":"publish","type":"product","link":"https:\/\/glamaholic.shop\/new\/product\/ref-volume-conditioner-445-750ml\/","title":{"rendered":"REF. Volume Conditioner 445 750ml"},"content":{"rendered":"<p>Inneh\u00e5ller st\u00e4rkande ingredientser speciellt utvalda  f\u00f6r sina n\u00e4rande och vitaliserande egenskaper som  hj\u00e4lper till att bygga upp volym och vitalitet i h\u00e5ret.<\/p>\n<ul>\n<li>Mild reng\u00f6ring som inte torkar ut.<\/li>\n<li>REF Volume Complex ger h\u00e5ret massor av fukt samtidigt som det fyller h\u00e5rstr\u00e5et f\u00f6r exra volym. G\u00f6r h\u00e5ret mindre fett och d\u00e4rmed inte<\/li>\n<li>s\u00e5 platt, det f\u00e5r mer lyft och blir l\u00e4tthanterligare.<\/li>\n<li>Ger volym som varar l\u00e4nge.<\/li>\n<li>Balsamet har konditionerade effekt samt utredande och mjukg\u00f6rande&nbsp;<\/li>\n<li>egenskaper.<\/li>\n<li>Ger ett visst skydd mot milj\u00f6betingade skador och f\u00f6rhindrar frissighet.<\/li>\n<li>Rik p\u00e5 n\u00e4ring, antioxidanter och vitaminer.<\/li>\n<li>Inneh\u00e5ller Tamanu, Argan och Palmolja.<\/li>\n<li>Sulfat fri.<\/li>\n<li>Paraben fri.<\/li>\n<\/ul>\n<p><strong>Bruksanvisning:<\/strong><br \/>Massera in en enkronas storlek med Volume Shampoo  i v\u00e5tt h\u00e5r, fr\u00e5n r\u00f6tterna och ned\u00e5t. Sk\u00f6lj noga och  upprepa vid behov. Applicera Volume Conditioner ocks\u00e5  fr\u00e5n r\u00f6tterna \u00e4nda ut i topparna. L\u00e5t verka ca. 2 minuter  och sk\u00f6lj noga.<br \/>Finns i f\u00f6ljande storlekar: Schampo: 75 ml\/2.5 fl .oz, <br \/>300 ml\/10.1 fl .oz, 750ml\/25.4 fl .oz, Conditioner: <br \/>50ml\/1.7 fl .oz, 250ml\/8.5 fl .oz 750 ml\/25.4 fl . oz<br \/>750ml<\/p>\n","protected":false},"excerpt":{"rendered":"<p>REF. Volume Conditioner 445 750ml<\/p>\n","protected":false},"featured_media":440,"comment_status":"closed","ping_status":"open","template":"","meta":{"_monsterinsights_skip_tracking":false,"_monsterinsights_sitenote_active":false,"_monsterinsights_sitenote_note":"","_monsterinsights_sitenote_category":0},"hair-type":[79],"manufacturer":[110],"_links":{"self":[{"href":"https:\/\/glamaholic.shop\/new\/wp-json\/wp\/v2\/product\/3566"}],"collection":[{"href":"https:\/\/glamaholic.shop\/new\/wp-json\/wp\/v2\/product"}],"about":[{"href":"https:\/\/glamaholic.shop\/new\/wp-json\/wp\/v2\/types\/product"}],"replies":[{"embeddable":true,"href":"https:\/\/glamaholic.shop\/new\/wp-json\/wp\/v2\/comments?post=3566"}],"wp:featuredmedia":[{"embeddable":true,"href":"https:\/\/glamaholic.shop\/new\/wp-json\/wp\/v2\/media\/440"}],"wp:attachment":[{"href":"https:\/\/glamaholic.shop\/new\/wp-json\/wp\/v2\/media?parent=3566"}],"wp:term":[{"taxonomy":"hair-type","embeddable":true,"href":"https:\/\/glamaholic.shop\/new\/wp-json\/wp\/v2\/hair-type?post=3566"},{"taxonomy":"manufacturer","embeddable":true,"href":"https:\/\/glamaholic.shop\/new\/wp-json\/wp\/v2\/manufacturer?post=3566"}],"curies":[{"name":"wp","href":"https:\/\/api.w.org\/{rel}","templated":true}]}}