{"id":3559,"date":"2021-05-20T01:36:46","date_gmt":"2021-05-20T01:36:46","guid":{"rendered":"http:\/\/glamaholic.shop\/new\/product\/ref-moisture-conditioner-543-250ml\/"},"modified":"2021-05-20T01:36:47","modified_gmt":"2021-05-20T01:36:47","slug":"ref-moisture-conditioner-543-250ml","status":"publish","type":"product","link":"https:\/\/glamaholic.shop\/new\/product\/ref-moisture-conditioner-543-250ml\/","title":{"rendered":"REF. Moisture Conditioner 543 250ml"},"content":{"rendered":"<p>Tillf\u00f6r fukt till h\u00e5rstr\u00e5et vilket resulterar i ett mjukare, fr\u00e4schare och mer l\u00e4tthanterligt h\u00e5r. REF Moisture Complex tr\u00e4nger in i cortex och ger intensivt, l\u00e5ngvarigt fukttillskott. L\u00e4tt att sk\u00f6lja ur och g\u00f6r h\u00e5ret gl\u00e4nsande.<\/p>\n<ul>\n<li>Djupreng\u00f6rande.<\/li>\n<li>Ger fukt p\u00e5 djupet<\/li>\n<li>REF Moisture Complex ger l\u00e5ngvarig fukttillf\u00f6rsel och glans<\/li>\n<li>Ger n\u00e4ring till skadat h\u00e5r<\/li>\n<li>Ger h\u00e5ret en naturlig glans och friskhet<\/li>\n<li>Rik p\u00e5 n\u00e4rings\u00e4mnen, antioxidanter och vitaminer<\/li>\n<li>Passar alla h\u00e5rtyper, \u00e4ven skadade och f\u00e4rgade h\u00e5r<\/li>\n<li>St\u00e4nger in fukten och ger skydd mot milj\u00f6p\u00e5verkan<\/li>\n<li>Inneh\u00e5ller Tamanu och Arganolja<\/li>\n<li>Sulfat Fri<\/li>\n<li>Paraben Fri<\/li>\n<\/ul>\n<p><strong>Bruksanvisning:<\/strong><br \/>Applicera i v\u00e5tt h\u00e5r och arbeta upp ett l\u00f6dder s\u00e5 att  schampot tr\u00e4nger in ordentligt. Sk\u00f6lj och upprepa  vid behov. Applicera Moisture Conditioner i det  fuktiga h\u00e5ret och arbeta in. L\u00e5t verka 1-3 minuter. <br \/>Sk\u00f6j noggrant.<br \/>Finns i f\u00f6ljande storlekar: Schampo: 75 ml\/2.5 fl .oz, <br \/>300 ml\/10.1 fl .oz, 750ml\/25.4 fl .oz, Conditioner: <br \/>50ml\/1.7 fl .oz, 250ml\/8.5 fl .oz 750 ml\/25.4 fl . oz<br \/>250ml<\/p>\n","protected":false},"excerpt":{"rendered":"<p>REF. Moisture Conditioner 543 250ml<\/p>\n","protected":false},"featured_media":426,"comment_status":"closed","ping_status":"open","template":"","meta":{"_monsterinsights_skip_tracking":false,"_monsterinsights_sitenote_active":false,"_monsterinsights_sitenote_note":"","_monsterinsights_sitenote_category":0},"hair-type":[98],"manufacturer":[110],"_links":{"self":[{"href":"https:\/\/glamaholic.shop\/new\/wp-json\/wp\/v2\/product\/3559"}],"collection":[{"href":"https:\/\/glamaholic.shop\/new\/wp-json\/wp\/v2\/product"}],"about":[{"href":"https:\/\/glamaholic.shop\/new\/wp-json\/wp\/v2\/types\/product"}],"replies":[{"embeddable":true,"href":"https:\/\/glamaholic.shop\/new\/wp-json\/wp\/v2\/comments?post=3559"}],"wp:featuredmedia":[{"embeddable":true,"href":"https:\/\/glamaholic.shop\/new\/wp-json\/wp\/v2\/media\/426"}],"wp:attachment":[{"href":"https:\/\/glamaholic.shop\/new\/wp-json\/wp\/v2\/media?parent=3559"}],"wp:term":[{"taxonomy":"hair-type","embeddable":true,"href":"https:\/\/glamaholic.shop\/new\/wp-json\/wp\/v2\/hair-type?post=3559"},{"taxonomy":"manufacturer","embeddable":true,"href":"https:\/\/glamaholic.shop\/new\/wp-json\/wp\/v2\/manufacturer?post=3559"}],"curies":[{"name":"wp","href":"https:\/\/api.w.org\/{rel}","templated":true}]}}