{"id":3543,"date":"2021-05-20T01:36:43","date_gmt":"2021-05-20T01:36:43","guid":{"rendered":"http:\/\/glamaholic.shop\/new\/product\/nioxin-system-6-scalp-revitaliser-1000ml\/"},"modified":"2021-05-20T01:36:44","modified_gmt":"2021-05-20T01:36:44","slug":"nioxin-system-6-scalp-revitaliser-1000ml","status":"publish","type":"product","link":"https:\/\/glamaholic.shop\/new\/product\/nioxin-system-6-scalp-revitaliser-1000ml\/","title":{"rendered":"Nioxin System 6 Scalp Revitaliser 1000ml"},"content":{"rendered":"<p>&nbsp;<\/p>\n<p>System 6 \u00e4r speciellt utformad f\u00f6r m\u00e4rkbart f\u00f6rtunnat, medium till grovt, naturligt eller kemiskt behandlat h\u00e5r. Den ger en utj\u00e4mnande kontroll till h\u00e5ret samtidigt som den skyddar h\u00e5rbotten och \u00e5terst\u00e4ller fuktbalansen i ditt h\u00e5r.<br \/>Nioxin System 6 Scalp Revitaliser \u00e4r ett l\u00e4tt balsam som bidrar till att st\u00e4rka h\u00e5rets motst\u00e5ndskraft och kontrollera fuktbalansen.<\/p>\n<p><\/p>\n<p>1000ml&nbsp;<\/p>\n","protected":false},"excerpt":{"rendered":"<p>Nioxin System 6 Scalp Revitaliser 1000ml<\/p>\n","protected":false},"featured_media":394,"comment_status":"closed","ping_status":"open","template":"","meta":{"_monsterinsights_skip_tracking":false,"_monsterinsights_sitenote_active":false,"_monsterinsights_sitenote_note":"","_monsterinsights_sitenote_category":0},"hair-type":[],"manufacturer":[107],"_links":{"self":[{"href":"https:\/\/glamaholic.shop\/new\/wp-json\/wp\/v2\/product\/3543"}],"collection":[{"href":"https:\/\/glamaholic.shop\/new\/wp-json\/wp\/v2\/product"}],"about":[{"href":"https:\/\/glamaholic.shop\/new\/wp-json\/wp\/v2\/types\/product"}],"replies":[{"embeddable":true,"href":"https:\/\/glamaholic.shop\/new\/wp-json\/wp\/v2\/comments?post=3543"}],"wp:featuredmedia":[{"embeddable":true,"href":"https:\/\/glamaholic.shop\/new\/wp-json\/wp\/v2\/media\/394"}],"wp:attachment":[{"href":"https:\/\/glamaholic.shop\/new\/wp-json\/wp\/v2\/media?parent=3543"}],"wp:term":[{"taxonomy":"hair-type","embeddable":true,"href":"https:\/\/glamaholic.shop\/new\/wp-json\/wp\/v2\/hair-type?post=3543"},{"taxonomy":"manufacturer","embeddable":true,"href":"https:\/\/glamaholic.shop\/new\/wp-json\/wp\/v2\/manufacturer?post=3543"}],"curies":[{"name":"wp","href":"https:\/\/api.w.org\/{rel}","templated":true}]}}