{"id":3536,"date":"2021-05-20T01:36:43","date_gmt":"2021-05-20T01:36:43","guid":{"rendered":"http:\/\/glamaholic.shop\/new\/product\/nioxin-system-3-scalp-revitaliser-1000ml\/"},"modified":"2021-05-20T01:36:44","modified_gmt":"2021-05-20T01:36:44","slug":"nioxin-system-3-scalp-revitaliser-1000ml","status":"publish","type":"product","link":"https:\/\/glamaholic.shop\/new\/product\/nioxin-system-3-scalp-revitaliser-1000ml\/","title":{"rendered":"Nioxin System 3 Scalp Revitaliser 1000ml"},"content":{"rendered":"<p>&nbsp;<\/p>\n<p>System 3 \u00e4r speciellt utformad f\u00f6r normalt till fint, kemiskt behandlat h\u00e5r. Den f\u00f6rst\u00e4rker h\u00e5rets struktur samtidigt som den uppfriskar h\u00e5rbotten och ger fukt och balans till f\u00e4rgat h\u00e5r.<br \/>Nioxin System 3 Scalp Revitaliser \u00e4r ett l\u00e4tt balsam som bidrar till att st\u00e4rka h\u00e5rets motst\u00e5ndskraft och kontrollera fuktbalansen.<\/p>\n<p><\/p>\n<p>1000ml&nbsp;<\/p>\n","protected":false},"excerpt":{"rendered":"<p>Nioxin System 3 Scalp Revitaliser 1000ml<\/p>\n","protected":false},"featured_media":380,"comment_status":"closed","ping_status":"open","template":"","meta":{"_monsterinsights_skip_tracking":false,"_monsterinsights_sitenote_active":false,"_monsterinsights_sitenote_note":"","_monsterinsights_sitenote_category":0},"hair-type":[86],"manufacturer":[107],"_links":{"self":[{"href":"https:\/\/glamaholic.shop\/new\/wp-json\/wp\/v2\/product\/3536"}],"collection":[{"href":"https:\/\/glamaholic.shop\/new\/wp-json\/wp\/v2\/product"}],"about":[{"href":"https:\/\/glamaholic.shop\/new\/wp-json\/wp\/v2\/types\/product"}],"replies":[{"embeddable":true,"href":"https:\/\/glamaholic.shop\/new\/wp-json\/wp\/v2\/comments?post=3536"}],"wp:featuredmedia":[{"embeddable":true,"href":"https:\/\/glamaholic.shop\/new\/wp-json\/wp\/v2\/media\/380"}],"wp:attachment":[{"href":"https:\/\/glamaholic.shop\/new\/wp-json\/wp\/v2\/media?parent=3536"}],"wp:term":[{"taxonomy":"hair-type","embeddable":true,"href":"https:\/\/glamaholic.shop\/new\/wp-json\/wp\/v2\/hair-type?post=3536"},{"taxonomy":"manufacturer","embeddable":true,"href":"https:\/\/glamaholic.shop\/new\/wp-json\/wp\/v2\/manufacturer?post=3536"}],"curies":[{"name":"wp","href":"https:\/\/api.w.org\/{rel}","templated":true}]}}