{"id":3506,"date":"2021-05-20T01:36:37","date_gmt":"2021-05-20T01:36:37","guid":{"rendered":"http:\/\/glamaholic.shop\/new\/product\/matrix-biolage-keratindose-conditioner-1000ml\/"},"modified":"2021-05-20T01:36:39","modified_gmt":"2021-05-20T01:36:39","slug":"matrix-biolage-keratindose-conditioner-1000ml","status":"publish","type":"product","link":"https:\/\/glamaholic.shop\/new\/product\/matrix-biolage-keratindose-conditioner-1000ml\/","title":{"rendered":"Matrix Biolage Keratindose Conditioner 1000ml"},"content":{"rendered":"<p>v\u00e5rdar h\u00e5ret genom att tillf\u00f6ra n\u00e4ring. Hj\u00e4lper till att f\u00f6rebygga skador och ger ett silkeslent resultat. Formulan med Pro-Keratin och silke \u00e4r utan silikoner och utan parabener.&nbsp;<\/p>\n<p>Keratindose kombinerar naturens tillg\u00e5ngar med den senaste teknologin f\u00f6r djupg\u00e5ende riktad v\u00e5rd av \u00f6verbehandlat och kemiskt skadat h\u00e5r. H\u00e5ret best\u00e5r naturligt av 85% keratin. N\u00e4r ett h\u00e5r \u00e4r skadat s\u00e5 har niv\u00e5n av keratin gradvis minskat, vilket g\u00f6r h\u00e5ret v\u00e4ldigt svagt och det g\u00e5r l\u00e4tt av. Biolage Keratindose unika formula med Pro-Keratin och silke \u00e4r framtagen f\u00f6r att v\u00e5rda just \u00f6verbehandlat\/skadat h\u00e5r och fylla p\u00e5 med en dos av protein och fukt som \u00e5teruppbygger h\u00e5ret.<\/p>\n<p><strong>Pro-Keratin <\/strong>\u2013 En patenterad molekyl som \u00e5terst\u00e4ller \u00f6verbehandlat h\u00e5r genom att bygga upp skadade omr\u00e5den och bygger ett skyddande lager som f\u00f6rebygger framtida skador.<\/p>\n<p><strong>Silke <\/strong>\u2013 Silke \u00e4r den starkaste naturliga fibern. Proteinerna i silke f\u00f6rebygger att h\u00e5ret torkas ut. Silke har ocks\u00e5 utm\u00e4rkta vattenbindande egenskaper f\u00f6r silkeslent h\u00e5r .<\/p>\n<p>1000ml<\/p>\n","protected":false},"excerpt":{"rendered":"<p>Matrix Biolage Keratindose Conditioner 1000ml<\/p>\n","protected":false},"featured_media":317,"comment_status":"closed","ping_status":"open","template":"","meta":{"_monsterinsights_skip_tracking":false,"_monsterinsights_sitenote_active":false,"_monsterinsights_sitenote_note":"","_monsterinsights_sitenote_category":0},"hair-type":[88],"manufacturer":[105],"_links":{"self":[{"href":"https:\/\/glamaholic.shop\/new\/wp-json\/wp\/v2\/product\/3506"}],"collection":[{"href":"https:\/\/glamaholic.shop\/new\/wp-json\/wp\/v2\/product"}],"about":[{"href":"https:\/\/glamaholic.shop\/new\/wp-json\/wp\/v2\/types\/product"}],"replies":[{"embeddable":true,"href":"https:\/\/glamaholic.shop\/new\/wp-json\/wp\/v2\/comments?post=3506"}],"wp:featuredmedia":[{"embeddable":true,"href":"https:\/\/glamaholic.shop\/new\/wp-json\/wp\/v2\/media\/317"}],"wp:attachment":[{"href":"https:\/\/glamaholic.shop\/new\/wp-json\/wp\/v2\/media?parent=3506"}],"wp:term":[{"taxonomy":"hair-type","embeddable":true,"href":"https:\/\/glamaholic.shop\/new\/wp-json\/wp\/v2\/hair-type?post=3506"},{"taxonomy":"manufacturer","embeddable":true,"href":"https:\/\/glamaholic.shop\/new\/wp-json\/wp\/v2\/manufacturer?post=3506"}],"curies":[{"name":"wp","href":"https:\/\/api.w.org\/{rel}","templated":true}]}}