{"id":3505,"date":"2021-05-20T01:36:37","date_gmt":"2021-05-20T01:36:37","guid":{"rendered":"http:\/\/glamaholic.shop\/new\/product\/matrix-biolage-volumebloom-conditioner-1l\/"},"modified":"2021-05-20T01:36:39","modified_gmt":"2021-05-20T01:36:39","slug":"matrix-biolage-volumebloom-conditioner-1l","status":"publish","type":"product","link":"https:\/\/glamaholic.shop\/new\/product\/matrix-biolage-volumebloom-conditioner-1l\/","title":{"rendered":"Matrix Biolage VolumeBloom Conditioner 1L"},"content":{"rendered":"<p>Som den expanderande bomullsblomman, kan h\u00e5rets fyllighet nu best\u00e5.<\/p>\n<p>Upplev upp till 70% mer volym efter 1 anv\u00e4ndning*.<\/p>\n<p><strong>En innovation inom volymgivande h\u00e5rv\u00e5rd:<\/strong><br \/>VolymBloom ger platt, livl\u00f6st h\u00e5r ett l\u00e5ngvarigt lyft och l\u00e4ttviktig fyllighet. En unik formula inspirerad av naturen och de expanderande egenskaperna av Bomullsblomman. VolymBloom \u00f6kar utrymmet mellan fibrerna i h\u00e5rstr\u00e5et vilket ger dig ett fylligt resultat och l\u00e5ngvarig *volym.<\/p>\n<p>**Vid anv\u00e4ndning av VolumeBloom shampoo, conditioner och Full-lift Rootlift.<\/p>\n<p><strong>Bomull, naturligt flufiig volym, hemligheten?<\/strong><br \/>Bomullens elastiska ochstarka fibrer har expansivaegenskaper som skapar otroligvolym och en h\u00e5llbar form.<\/p>\n<p>1000ml<\/p>\n<p>Uppt\u00e4ck Biolage kompletta utbud av professionell h\u00e5rv\u00e5rd f\u00f6r ett salongsvackert h\u00e5r. Biolage tar till vara p\u00e5 naturens vitalaste extrakt f\u00f6r att behandla, v\u00e5rda och \u00e5teruppbygga h\u00e5rets naturliga glans och sk\u00f6nhet. Biolage har funnits i Sverige sedan \u00e5r 1990 och utvecklas st\u00e4ndigt f\u00f6r att vara r\u00e4tt i tiden. Under v\u00e5ren kommer hela Biolage genomg\u00e5 en uppfr\u00e4schning och resultatet kan ni se h\u00e4r i produktguiden. Den unika formulan i Biolage bevaras och f\u00f6rbinder natur och teknologi i perfekt harmoni.<\/p>\n","protected":false},"excerpt":{"rendered":"<p>Matrix Biolage VolumeBloom Conditioner 1L<\/p>\n","protected":false},"featured_media":315,"comment_status":"closed","ping_status":"open","template":"","meta":{"_monsterinsights_skip_tracking":false,"_monsterinsights_sitenote_active":false,"_monsterinsights_sitenote_note":"","_monsterinsights_sitenote_category":0},"hair-type":[79],"manufacturer":[105],"_links":{"self":[{"href":"https:\/\/glamaholic.shop\/new\/wp-json\/wp\/v2\/product\/3505"}],"collection":[{"href":"https:\/\/glamaholic.shop\/new\/wp-json\/wp\/v2\/product"}],"about":[{"href":"https:\/\/glamaholic.shop\/new\/wp-json\/wp\/v2\/types\/product"}],"replies":[{"embeddable":true,"href":"https:\/\/glamaholic.shop\/new\/wp-json\/wp\/v2\/comments?post=3505"}],"wp:featuredmedia":[{"embeddable":true,"href":"https:\/\/glamaholic.shop\/new\/wp-json\/wp\/v2\/media\/315"}],"wp:attachment":[{"href":"https:\/\/glamaholic.shop\/new\/wp-json\/wp\/v2\/media?parent=3505"}],"wp:term":[{"taxonomy":"hair-type","embeddable":true,"href":"https:\/\/glamaholic.shop\/new\/wp-json\/wp\/v2\/hair-type?post=3505"},{"taxonomy":"manufacturer","embeddable":true,"href":"https:\/\/glamaholic.shop\/new\/wp-json\/wp\/v2\/manufacturer?post=3505"}],"curies":[{"name":"wp","href":"https:\/\/api.w.org\/{rel}","templated":true}]}}