{"id":3481,"date":"2021-05-20T01:36:34","date_gmt":"2021-05-20T01:36:34","guid":{"rendered":"http:\/\/glamaholic.shop\/new\/product\/matrix-total-results-curl-conditioner\/"},"modified":"2021-05-20T01:36:35","modified_gmt":"2021-05-20T01:36:35","slug":"matrix-total-results-curl-conditioner","status":"publish","type":"product","link":"https:\/\/glamaholic.shop\/new\/product\/matrix-total-results-curl-conditioner\/","title":{"rendered":"Matrix Total Results Curl Conditioner"},"content":{"rendered":"<p>\u00c5terst\u00e4ller fuktbalansen i lockigt h\u00e5r och ger  n\u00e4ring till h\u00e5ret. Balsamet hj\u00e4lper till att reda  ut h\u00e5ret, motarbetar frissiga lockar genom att  \u00e5terfukta p\u00e5 djupet och ger dig d\u00e4rmed kontroll  \u00f6ver dina lockar. Matrix Total Results Curl-seriens  professionella h\u00e5rv\u00e5rdsprodukter inneh\u00e5ller <br \/>Anti-Frizz Nutri-Curl&amp;trade-teknologi med jojobaolja  och veteproteiner, som effektivt motverkar frissigt  h\u00e5r och uttorkade lockar. Resultatet blir vackert  definierade och gl\u00e4nsande lockar fr\u00e5n rot till topp.<br \/><strong>Anv\u00e4ndning: <\/strong><br \/>Anv\u00e4nds efter Matrix Total Results Curl Shampoo. Ta  en liten m\u00e4ngd och applicera i fuktigt h\u00e5r. Fokusera  p\u00e5 h\u00e5rl\u00e4ngderna. L\u00e5t g\u00e4rna balsamet sitta i n\u00e5gra  minuter, och sk\u00f6lj sedan av noggrant. F\u00f6lj med <br \/>Matrix Total Results Curl Contouring Lotion och\/eller <br \/>Matrix Total Results Curl Super Defrizzer Gel.<br \/>250ml<\/p>\n","protected":false},"excerpt":{"rendered":"<p>Matrix Total Results Curl Conditioner<\/p>\n","protected":false},"featured_media":267,"comment_status":"closed","ping_status":"open","template":"","meta":{"_monsterinsights_skip_tracking":false,"_monsterinsights_sitenote_active":false,"_monsterinsights_sitenote_note":"","_monsterinsights_sitenote_category":0},"hair-type":[93],"manufacturer":[105],"_links":{"self":[{"href":"https:\/\/glamaholic.shop\/new\/wp-json\/wp\/v2\/product\/3481"}],"collection":[{"href":"https:\/\/glamaholic.shop\/new\/wp-json\/wp\/v2\/product"}],"about":[{"href":"https:\/\/glamaholic.shop\/new\/wp-json\/wp\/v2\/types\/product"}],"replies":[{"embeddable":true,"href":"https:\/\/glamaholic.shop\/new\/wp-json\/wp\/v2\/comments?post=3481"}],"wp:featuredmedia":[{"embeddable":true,"href":"https:\/\/glamaholic.shop\/new\/wp-json\/wp\/v2\/media\/267"}],"wp:attachment":[{"href":"https:\/\/glamaholic.shop\/new\/wp-json\/wp\/v2\/media?parent=3481"}],"wp:term":[{"taxonomy":"hair-type","embeddable":true,"href":"https:\/\/glamaholic.shop\/new\/wp-json\/wp\/v2\/hair-type?post=3481"},{"taxonomy":"manufacturer","embeddable":true,"href":"https:\/\/glamaholic.shop\/new\/wp-json\/wp\/v2\/manufacturer?post=3481"}],"curies":[{"name":"wp","href":"https:\/\/api.w.org\/{rel}","templated":true}]}}