{"id":3454,"date":"2021-05-20T01:36:31","date_gmt":"2021-05-20T01:36:31","guid":{"rendered":"http:\/\/glamaholic.shop\/new\/product\/maria-nila-kolorit-repair-conditioner-250ml\/"},"modified":"2021-05-20T01:36:32","modified_gmt":"2021-05-20T01:36:32","slug":"maria-nila-kolorit-repair-conditioner-250ml","status":"publish","type":"product","link":"https:\/\/glamaholic.shop\/new\/product\/maria-nila-kolorit-repair-conditioner-250ml\/","title":{"rendered":"Maria Nila Kolorit Repair Conditioner 250ml"},"content":{"rendered":"<p>Ett utredande balsam f\u00f6r f\u00e4rgat h\u00e5r som mjukg\u00f6r, \u00e5terfuktar och motverkar statisk elektricitet. Reducerar f\u00e4rgf\u00f6rlusten som uppst\u00e5r vid tv\u00e4tt och skyddar mot fria radikaler samt UV&amp;ndashstr\u00e5lning.<br \/>250ml<\/p>\n","protected":false},"excerpt":{"rendered":"<p>Maria Nila Kolorit Repair Conditioner 250ml<\/p>\n","protected":false},"featured_media":213,"comment_status":"closed","ping_status":"open","template":"","meta":{"_monsterinsights_skip_tracking":false,"_monsterinsights_sitenote_active":false,"_monsterinsights_sitenote_note":"","_monsterinsights_sitenote_category":0},"hair-type":[88],"manufacturer":[104],"_links":{"self":[{"href":"https:\/\/glamaholic.shop\/new\/wp-json\/wp\/v2\/product\/3454"}],"collection":[{"href":"https:\/\/glamaholic.shop\/new\/wp-json\/wp\/v2\/product"}],"about":[{"href":"https:\/\/glamaholic.shop\/new\/wp-json\/wp\/v2\/types\/product"}],"replies":[{"embeddable":true,"href":"https:\/\/glamaholic.shop\/new\/wp-json\/wp\/v2\/comments?post=3454"}],"wp:featuredmedia":[{"embeddable":true,"href":"https:\/\/glamaholic.shop\/new\/wp-json\/wp\/v2\/media\/213"}],"wp:attachment":[{"href":"https:\/\/glamaholic.shop\/new\/wp-json\/wp\/v2\/media?parent=3454"}],"wp:term":[{"taxonomy":"hair-type","embeddable":true,"href":"https:\/\/glamaholic.shop\/new\/wp-json\/wp\/v2\/hair-type?post=3454"},{"taxonomy":"manufacturer","embeddable":true,"href":"https:\/\/glamaholic.shop\/new\/wp-json\/wp\/v2\/manufacturer?post=3454"}],"curies":[{"name":"wp","href":"https:\/\/api.w.org\/{rel}","templated":true}]}}