{"id":3452,"date":"2021-05-20T01:36:31","date_gmt":"2021-05-20T01:36:31","guid":{"rendered":"http:\/\/glamaholic.shop\/new\/product\/maria-nila-palett-conditioner-pure-volume-100ml\/"},"modified":"2021-05-20T01:36:31","modified_gmt":"2021-05-20T01:36:31","slug":"maria-nila-palett-conditioner-pure-volume-100ml","status":"publish","type":"product","link":"https:\/\/glamaholic.shop\/new\/product\/maria-nila-palett-conditioner-pure-volume-100ml\/","title":{"rendered":"Maria Nila Palett Conditioner Pure Volume 100ml"},"content":{"rendered":"<p><span>Ett utredande, l\u00e4ttviktigt balsam f\u00f6r fina, tunna h\u00e5r som mjukg\u00f6r och \u00e5terfuktar utan att tynga ner.<\/span><br \/><span>Vitamin B5 ger h\u00e5ret volym, sp\u00e4nst och l\u00e5ng h\u00e5llbarhet. Colour Guard Complex reducerar f\u00e4rgf\u00f6rlusten som uppst\u00e5r vid tv\u00e4tt, v\u00e4rmestyling och skyddar h\u00e5ret mot UV-str\u00e5lning samt fria radikaler.<\/span><br \/>100ml<\/p>\n","protected":false},"excerpt":{"rendered":"<p>Maria Nila Palett Conditioner Pure Volume 100ml<\/p>\n","protected":false},"featured_media":209,"comment_status":"closed","ping_status":"open","template":"","meta":{"_monsterinsights_skip_tracking":false,"_monsterinsights_sitenote_active":false,"_monsterinsights_sitenote_note":"","_monsterinsights_sitenote_category":0},"hair-type":[91],"manufacturer":[104],"_links":{"self":[{"href":"https:\/\/glamaholic.shop\/new\/wp-json\/wp\/v2\/product\/3452"}],"collection":[{"href":"https:\/\/glamaholic.shop\/new\/wp-json\/wp\/v2\/product"}],"about":[{"href":"https:\/\/glamaholic.shop\/new\/wp-json\/wp\/v2\/types\/product"}],"replies":[{"embeddable":true,"href":"https:\/\/glamaholic.shop\/new\/wp-json\/wp\/v2\/comments?post=3452"}],"wp:featuredmedia":[{"embeddable":true,"href":"https:\/\/glamaholic.shop\/new\/wp-json\/wp\/v2\/media\/209"}],"wp:attachment":[{"href":"https:\/\/glamaholic.shop\/new\/wp-json\/wp\/v2\/media?parent=3452"}],"wp:term":[{"taxonomy":"hair-type","embeddable":true,"href":"https:\/\/glamaholic.shop\/new\/wp-json\/wp\/v2\/hair-type?post=3452"},{"taxonomy":"manufacturer","embeddable":true,"href":"https:\/\/glamaholic.shop\/new\/wp-json\/wp\/v2\/manufacturer?post=3452"}],"curies":[{"name":"wp","href":"https:\/\/api.w.org\/{rel}","templated":true}]}}