{"id":3441,"date":"2021-05-20T01:36:28","date_gmt":"2021-05-20T01:36:28","guid":{"rendered":"http:\/\/glamaholic.shop\/new\/product\/maria-nila-palett-conditioner-structure-repair-1l\/"},"modified":"2021-05-20T01:36:30","modified_gmt":"2021-05-20T01:36:30","slug":"maria-nila-palett-conditioner-structure-repair-1l","status":"publish","type":"product","link":"https:\/\/glamaholic.shop\/new\/product\/maria-nila-palett-conditioner-structure-repair-1l\/","title":{"rendered":"Maria Nila Palett Conditioner Structure Repair 1L"},"content":{"rendered":"<p>Ett utredande balsam f\u00f6r skadade, torra och kemiskt behandlade h\u00e5r som mjukg\u00f6r, \u00e5terfuktar och motverkar statisk elektricitet.<br \/>Reparerande algextraxt hj\u00e4lper h\u00e5ret att \u00e5terf\u00e5 dess naturliga styrka, mjukhet och glans. Colour Guard Complex reducerar f\u00e4rgf\u00f6rlusten som uppst\u00e5r vid tv\u00e4tt, v\u00e4rmestyling och skyddar h\u00e5ret mot UV-str\u00e5lning samt fria radikaler.<br \/>1000ml<\/p>\n","protected":false},"excerpt":{"rendered":"<p>Maria Nila Palett Conditioner Structure Repair 1L<\/p>\n","protected":false},"featured_media":187,"comment_status":"closed","ping_status":"open","template":"","meta":{"_monsterinsights_skip_tracking":false,"_monsterinsights_sitenote_active":false,"_monsterinsights_sitenote_note":"","_monsterinsights_sitenote_category":0},"hair-type":[91],"manufacturer":[104],"_links":{"self":[{"href":"https:\/\/glamaholic.shop\/new\/wp-json\/wp\/v2\/product\/3441"}],"collection":[{"href":"https:\/\/glamaholic.shop\/new\/wp-json\/wp\/v2\/product"}],"about":[{"href":"https:\/\/glamaholic.shop\/new\/wp-json\/wp\/v2\/types\/product"}],"replies":[{"embeddable":true,"href":"https:\/\/glamaholic.shop\/new\/wp-json\/wp\/v2\/comments?post=3441"}],"wp:featuredmedia":[{"embeddable":true,"href":"https:\/\/glamaholic.shop\/new\/wp-json\/wp\/v2\/media\/187"}],"wp:attachment":[{"href":"https:\/\/glamaholic.shop\/new\/wp-json\/wp\/v2\/media?parent=3441"}],"wp:term":[{"taxonomy":"hair-type","embeddable":true,"href":"https:\/\/glamaholic.shop\/new\/wp-json\/wp\/v2\/hair-type?post=3441"},{"taxonomy":"manufacturer","embeddable":true,"href":"https:\/\/glamaholic.shop\/new\/wp-json\/wp\/v2\/manufacturer?post=3441"}],"curies":[{"name":"wp","href":"https:\/\/api.w.org\/{rel}","templated":true}]}}