{"id":3429,"date":"2021-05-20T01:36:26","date_gmt":"2021-05-20T01:36:26","guid":{"rendered":"http:\/\/glamaholic.shop\/new\/product\/lanza-healing-nourish-stimulating-conditioner\/"},"modified":"2021-05-20T01:36:28","modified_gmt":"2021-05-20T01:36:28","slug":"lanza-healing-nourish-stimulating-conditioner","status":"publish","type":"product","link":"https:\/\/glamaholic.shop\/new\/product\/lanza-healing-nourish-stimulating-conditioner\/","title":{"rendered":"Lanza Healing Nourish Stimulating Conditioner"},"content":{"rendered":"<p>Tillf\u00f6r viktiga n\u00e4rings\u00e4mnen f\u00f6rl\u00e4nger h\u00e5rets tillv\u00e4xtfas f\u00e4rgbevarande reder ut vad \u00e4r det?<br \/>Stimulating Conditioner tillf\u00f6r viktiga n\u00e4rings\u00e4mnen f\u00f6r att ge n\u00e4ring \u00e5t en god tillv\u00e4xt. Anagen 7<br \/>System f\u00f6rl\u00e4nger h\u00e5rets tillv\u00e4xtfas och ger ett fylligare h\u00e5r. Stimulating Conditioner \u00f6kar h\u00e5rets styrka, \u00e4r utredande och minskar h\u00e5ravfall. \u00c4r f\u00e4rgbevarande, paraben-fri och sodium klorid-fri.<br \/><strong>Anv\u00e4ndning:<\/strong><br \/>Applicera i fuktigt h\u00e5r och h\u00e5rbotten, massera in och l\u00e5t verka 1 minut. Fors\u00e4tt med Stimulating<br \/>Hair Treatment.<br \/>300ml<\/p>\n<p>Anagen 7 System:<br \/>Loquatl\u00f6vextrakt &#8211; stimulerar tillv\u00e4xt, blockerar DHT, reglerar talgproduktionen.<br \/>Fo-Tiextrakt &#8211; ger n\u00e4ring.<br \/>Lakrisrotextrakt &#8211; blockerar DHT, reglerar talgproduktionen.<br \/>Biotin &#8211; k\u00e4rlvidgande.<br \/>Eucalyptusolja &#8211; k\u00e4rlvidgande.<br \/>Peppermintextrakt &#8211; k\u00e4rlvidgande.<br \/>R\u00f6llikaextrakt &#8211; anti-inflammatorisk, motverkar irritation, ger n\u00e4ring.<br \/>Kastanjextrakt &#8211; anti-inflammatorisk, motverkar irritation, \u00f6kar cirkulationen.<br \/>Hagtornsextrakt &#8211; mild exfoliator.<br \/>Phytosyra &#8211; mild exfoliator, kontrollerar mikroorganismer.<br \/>Aloe Vera &#8211; \u00e5terfuktar huden, lugnar.<br \/>Vitamin C &#8211; stark antioxidant<br \/>Niacin &#8211; k\u00e4rlvidgande.<\/p>\n","protected":false},"excerpt":{"rendered":"<p>Lanza Healing Nourish Stimulating Conditioner<\/p>\n","protected":false},"featured_media":163,"comment_status":"closed","ping_status":"open","template":"","meta":{"_monsterinsights_skip_tracking":false,"_monsterinsights_sitenote_active":false,"_monsterinsights_sitenote_note":"","_monsterinsights_sitenote_category":0},"hair-type":[86],"manufacturer":[100],"_links":{"self":[{"href":"https:\/\/glamaholic.shop\/new\/wp-json\/wp\/v2\/product\/3429"}],"collection":[{"href":"https:\/\/glamaholic.shop\/new\/wp-json\/wp\/v2\/product"}],"about":[{"href":"https:\/\/glamaholic.shop\/new\/wp-json\/wp\/v2\/types\/product"}],"replies":[{"embeddable":true,"href":"https:\/\/glamaholic.shop\/new\/wp-json\/wp\/v2\/comments?post=3429"}],"wp:featuredmedia":[{"embeddable":true,"href":"https:\/\/glamaholic.shop\/new\/wp-json\/wp\/v2\/media\/163"}],"wp:attachment":[{"href":"https:\/\/glamaholic.shop\/new\/wp-json\/wp\/v2\/media?parent=3429"}],"wp:term":[{"taxonomy":"hair-type","embeddable":true,"href":"https:\/\/glamaholic.shop\/new\/wp-json\/wp\/v2\/hair-type?post=3429"},{"taxonomy":"manufacturer","embeddable":true,"href":"https:\/\/glamaholic.shop\/new\/wp-json\/wp\/v2\/manufacturer?post=3429"}],"curies":[{"name":"wp","href":"https:\/\/api.w.org\/{rel}","templated":true}]}}