{"id":3421,"date":"2021-05-20T01:36:26","date_gmt":"2021-05-20T01:36:26","guid":{"rendered":"http:\/\/glamaholic.shop\/new\/product\/lanza-healing-moist-kukui-nut-conditioner\/"},"modified":"2021-05-20T01:36:27","modified_gmt":"2021-05-20T01:36:27","slug":"lanza-healing-moist-kukui-nut-conditioner","status":"publish","type":"product","link":"https:\/\/glamaholic.shop\/new\/product\/lanza-healing-moist-kukui-nut-conditioner\/","title":{"rendered":"Lanza Healing Moist Kukui Nut Conditioner"},"content":{"rendered":"<p>Reder ut<br \/>Ger glans<br \/>Fukttilf\u00f6rande<br \/><strong>pH:<\/strong> 5,4<br \/><strong>Vad \u00e4r det?<\/strong><br \/>Denna formula \u00e4r rik p\u00e5 mjukg\u00f6rare som snabbt tr\u00e4nger in  och dr\u00e4nker h\u00e5ret med ett \u00f6verfl\u00f6d av fukt utan att tynga. <br \/>Hawaiisk kukuin\u00f6tolja och polynesiska v\u00e4xter i  kombination med L&amp;rsquoANZA&amp;rsquos v\u00e4lk\u00e4nda Keratin Healing System&amp;trade ger fukt som har en lugnande effekt l\u00e5ngt in i h\u00e5rets  inre lager. H\u00e5ret blir otroligt mjukt och silkeslent och f\u00e5r f\u00f6rnyad  fr\u00e4sch\u00f6r och lyster.<br \/><strong>Hur anv\u00e4nds den?<\/strong><br \/>Applicera gener\u00f6st efter schamponering. Sk\u00f6lj noggrant.<br \/>250ml<br \/><strong>Huvudingredienser:<\/strong><br \/><strong>Hawaiisk kukuin\u00f6t<\/strong><br \/>Under \u00e5rhundraden var oljan fr\u00e5n denna uppskattade n\u00f6t en  v\u00e4l bevarad hawaiisk sk\u00f6nhetshemlighet. <br \/>Nu lovordas den f\u00f6r sina otroliga fuktgivande egenskaper. <br \/>Inneh\u00e5ller rikligt med essentiella fettsyror, linolsyra och  alfalinolsyra. Denna naturliga fuktgivare tr\u00e4nger snabbt  in och absorberas helt, vilket g\u00f6r att h\u00e5ret kan gl\u00e4nsa med  f\u00f6rnyad fr\u00e4sch\u00f6r.<br \/>&nbsp;<\/p>\n<p>PRODUCT NAME: &nbsp;Healing Moisture KuKui Nut Conditioner<br \/>INCI<br \/>Water \/ Eau (Aqua)Cetearyl &nbsp;AlcoholQuaternium-91 (and) Cetrimonium Methosulfate (and) Cetearyl AcloholSilicone Quaternium-16 (and) Undeceth-11 (and) Butyloctanol (and) Undeceth-5Cetearyl Alcohol (and) BEHENTRIMONIUM CHLORIDEGlycerin&nbsp;Glyceryl Stearate (and) PEG-100 StearateFragrance (Parfum)BHTStearalkonium ChlorideCetearyl Alcohol (and ) Ceteareth-20Trimethysiloxyamodimethicone (and) C11-15 Pareth-7 (and) C12-16 Pareth-9 (and) Glycerin (and) Trideceth-12Silicone Quaternium-14 Cetyl PhosphateMethylparabenMethylchloroisothiazolinone (and) MetylisothizolinoneKeratin Amino AcidsSodium PCA (and) Magnesium PCA (and) Zinc PCA (and) Manganese PCADimethicone PEG-8 MeadowfoamateEthylhexyl MethoxycinnamateSea Water (and) Phenoxyethanol (and) ChlorphenesinAleurites Moluccana Seed Oil (and) Macadamia Ternifolia Seed Oil (and Tocopheryl AcetateSaccharum Officnarum (Sugar Cane) ExtractHydrolyzed Algin (Sea Kelp)Sodium HyaluronatePolyquaternium-71Butylphenylmethylpropional (lilial), Limonene, Linalool<\/p>\n","protected":false},"excerpt":{"rendered":"<p>Lanza Healing Moist Kukui Nut Conditioner<\/p>\n","protected":false},"featured_media":147,"comment_status":"closed","ping_status":"open","template":"","meta":{"_monsterinsights_skip_tracking":false,"_monsterinsights_sitenote_active":false,"_monsterinsights_sitenote_note":"","_monsterinsights_sitenote_category":0},"hair-type":[79],"manufacturer":[100],"_links":{"self":[{"href":"https:\/\/glamaholic.shop\/new\/wp-json\/wp\/v2\/product\/3421"}],"collection":[{"href":"https:\/\/glamaholic.shop\/new\/wp-json\/wp\/v2\/product"}],"about":[{"href":"https:\/\/glamaholic.shop\/new\/wp-json\/wp\/v2\/types\/product"}],"replies":[{"embeddable":true,"href":"https:\/\/glamaholic.shop\/new\/wp-json\/wp\/v2\/comments?post=3421"}],"wp:featuredmedia":[{"embeddable":true,"href":"https:\/\/glamaholic.shop\/new\/wp-json\/wp\/v2\/media\/147"}],"wp:attachment":[{"href":"https:\/\/glamaholic.shop\/new\/wp-json\/wp\/v2\/media?parent=3421"}],"wp:term":[{"taxonomy":"hair-type","embeddable":true,"href":"https:\/\/glamaholic.shop\/new\/wp-json\/wp\/v2\/hair-type?post=3421"},{"taxonomy":"manufacturer","embeddable":true,"href":"https:\/\/glamaholic.shop\/new\/wp-json\/wp\/v2\/manufacturer?post=3421"}],"curies":[{"name":"wp","href":"https:\/\/api.w.org\/{rel}","templated":true}]}}