{"id":3407,"date":"2021-05-20T01:36:23","date_gmt":"2021-05-20T01:36:23","guid":{"rendered":"http:\/\/glamaholic.shop\/new\/product\/kevin-murphy-hydrate-me-rinse-100ml\/"},"modified":"2021-05-20T01:36:25","modified_gmt":"2021-05-20T01:36:25","slug":"kevin-murphy-hydrate-me-rinse-100ml","status":"publish","type":"product","link":"https:\/\/glamaholic.shop\/new\/product\/kevin-murphy-hydrate-me-rinse-100ml\/","title":{"rendered":"Kevin Murphy Hydrate-Me Rinse 100ml"},"content":{"rendered":"<p><span>&#8211; \u00c5terfuktande balsam f\u00f6r alla h\u00e5r.<\/span><br \/><span>&#8211; Utredande effekt.<\/span><br \/><span>&#8211; Ger ditt h\u00e5r glans.<\/span><br \/><span>&#8211; \u00c5terfuktar utan att tynga ner ditt h\u00e5r.<br \/><\/span>100ml<\/p>\n","protected":false},"excerpt":{"rendered":"<p>Kevin Murphy Hydrate-Me Rinse 100ml<\/p>\n","protected":false},"featured_media":114,"comment_status":"closed","ping_status":"open","template":"","meta":{"_monsterinsights_skip_tracking":false,"_monsterinsights_sitenote_active":false,"_monsterinsights_sitenote_note":"","_monsterinsights_sitenote_category":0},"hair-type":[84],"manufacturer":[96],"_links":{"self":[{"href":"https:\/\/glamaholic.shop\/new\/wp-json\/wp\/v2\/product\/3407"}],"collection":[{"href":"https:\/\/glamaholic.shop\/new\/wp-json\/wp\/v2\/product"}],"about":[{"href":"https:\/\/glamaholic.shop\/new\/wp-json\/wp\/v2\/types\/product"}],"replies":[{"embeddable":true,"href":"https:\/\/glamaholic.shop\/new\/wp-json\/wp\/v2\/comments?post=3407"}],"wp:featuredmedia":[{"embeddable":true,"href":"https:\/\/glamaholic.shop\/new\/wp-json\/wp\/v2\/media\/114"}],"wp:attachment":[{"href":"https:\/\/glamaholic.shop\/new\/wp-json\/wp\/v2\/media?parent=3407"}],"wp:term":[{"taxonomy":"hair-type","embeddable":true,"href":"https:\/\/glamaholic.shop\/new\/wp-json\/wp\/v2\/hair-type?post=3407"},{"taxonomy":"manufacturer","embeddable":true,"href":"https:\/\/glamaholic.shop\/new\/wp-json\/wp\/v2\/manufacturer?post=3407"}],"curies":[{"name":"wp","href":"https:\/\/api.w.org\/{rel}","templated":true}]}}