{"id":3405,"date":"2021-05-20T01:36:23","date_gmt":"2021-05-20T01:36:23","guid":{"rendered":"http:\/\/glamaholic.shop\/new\/product\/kevin-murphy-luxury-rinse-smoothing-conditioner\/"},"modified":"2021-05-20T01:36:25","modified_gmt":"2021-05-20T01:36:25","slug":"kevin-murphy-luxury-rinse-smoothing-conditioner","status":"publish","type":"product","link":"https:\/\/glamaholic.shop\/new\/product\/kevin-murphy-luxury-rinse-smoothing-conditioner\/","title":{"rendered":"Kevin Murphy Luxury Rinse Smoothing Conditioner"},"content":{"rendered":"<p>F\u00e4rgbevarande f\u00f6r kraftigt\/normalt h\u00e5r.<br \/>Silkesproteiner och Aminosyror som bygger upp ditt h\u00e5r.<br \/>Mjukg\u00f6rande, uppbyggande och glansgivande.<br \/>Mild och l\u00e4kande f\u00f6r din h\u00e5rbotten.<br \/>250ml<\/p>\n","protected":false},"excerpt":{"rendered":"<p>Kevin Murphy Luxury Rinse Smoothing Conditioner<\/p>\n","protected":false},"featured_media":116,"comment_status":"closed","ping_status":"open","template":"","meta":{"_monsterinsights_skip_tracking":false,"_monsterinsights_sitenote_active":false,"_monsterinsights_sitenote_note":"","_monsterinsights_sitenote_category":0},"hair-type":[97],"manufacturer":[96],"_links":{"self":[{"href":"https:\/\/glamaholic.shop\/new\/wp-json\/wp\/v2\/product\/3405"}],"collection":[{"href":"https:\/\/glamaholic.shop\/new\/wp-json\/wp\/v2\/product"}],"about":[{"href":"https:\/\/glamaholic.shop\/new\/wp-json\/wp\/v2\/types\/product"}],"replies":[{"embeddable":true,"href":"https:\/\/glamaholic.shop\/new\/wp-json\/wp\/v2\/comments?post=3405"}],"wp:featuredmedia":[{"embeddable":true,"href":"https:\/\/glamaholic.shop\/new\/wp-json\/wp\/v2\/media\/116"}],"wp:attachment":[{"href":"https:\/\/glamaholic.shop\/new\/wp-json\/wp\/v2\/media?parent=3405"}],"wp:term":[{"taxonomy":"hair-type","embeddable":true,"href":"https:\/\/glamaholic.shop\/new\/wp-json\/wp\/v2\/hair-type?post=3405"},{"taxonomy":"manufacturer","embeddable":true,"href":"https:\/\/glamaholic.shop\/new\/wp-json\/wp\/v2\/manufacturer?post=3405"}],"curies":[{"name":"wp","href":"https:\/\/api.w.org\/{rel}","templated":true}]}}