{"id":3402,"date":"2021-05-20T01:36:23","date_gmt":"2021-05-20T01:36:23","guid":{"rendered":"http:\/\/glamaholic.shop\/new\/product\/kevin-murphy-stimulate-me-rinse-250ml\/"},"modified":"2021-05-20T01:36:24","modified_gmt":"2021-05-20T01:36:24","slug":"kevin-murphy-stimulate-me-rinse-250ml","status":"publish","type":"product","link":"https:\/\/glamaholic.shop\/new\/product\/kevin-murphy-stimulate-me-rinse-250ml\/","title":{"rendered":"Kevin Murphy Stimulate Me Rinse 250ml"},"content":{"rendered":"<p>Str\u00e5lande och uppfriskande balsam f\u00f6r h\u00e5r och h\u00e5rbotten<br \/>* Uppfriskande balsam f\u00f6r m\u00e4n<br \/>* Stimulerar h\u00e5rbotten<br \/>* Kyler h\u00e5rbotten f\u00f6r en sk\u00f6nare k\u00e4nsla<br \/>* Skyddar och st\u00e4rker h\u00e5ret<br \/>* F\u00f6rhindrar h\u00e5ravfall<br \/>* F\u00f6rdjupande<br \/>250ml<\/p>\n","protected":false},"excerpt":{"rendered":"<p>Kevin Murphy Stimulate Me Rinse 250ml<\/p>\n","protected":false},"featured_media":110,"comment_status":"closed","ping_status":"open","template":"","meta":{"_monsterinsights_skip_tracking":false,"_monsterinsights_sitenote_active":false,"_monsterinsights_sitenote_note":"","_monsterinsights_sitenote_category":0},"hair-type":[86],"manufacturer":[96],"_links":{"self":[{"href":"https:\/\/glamaholic.shop\/new\/wp-json\/wp\/v2\/product\/3402"}],"collection":[{"href":"https:\/\/glamaholic.shop\/new\/wp-json\/wp\/v2\/product"}],"about":[{"href":"https:\/\/glamaholic.shop\/new\/wp-json\/wp\/v2\/types\/product"}],"replies":[{"embeddable":true,"href":"https:\/\/glamaholic.shop\/new\/wp-json\/wp\/v2\/comments?post=3402"}],"wp:featuredmedia":[{"embeddable":true,"href":"https:\/\/glamaholic.shop\/new\/wp-json\/wp\/v2\/media\/110"}],"wp:attachment":[{"href":"https:\/\/glamaholic.shop\/new\/wp-json\/wp\/v2\/media?parent=3402"}],"wp:term":[{"taxonomy":"hair-type","embeddable":true,"href":"https:\/\/glamaholic.shop\/new\/wp-json\/wp\/v2\/hair-type?post=3402"},{"taxonomy":"manufacturer","embeddable":true,"href":"https:\/\/glamaholic.shop\/new\/wp-json\/wp\/v2\/manufacturer?post=3402"}],"curies":[{"name":"wp","href":"https:\/\/api.w.org\/{rel}","templated":true}]}}