{"id":3401,"date":"2021-05-20T01:36:23","date_gmt":"2021-05-20T01:36:23","guid":{"rendered":"http:\/\/glamaholic.shop\/new\/product\/kevin-murphy-young-again-rinse\/"},"modified":"2021-05-20T01:36:24","modified_gmt":"2021-05-20T01:36:24","slug":"kevin-murphy-young-again-rinse","status":"publish","type":"product","link":"https:\/\/glamaholic.shop\/new\/product\/kevin-murphy-young-again-rinse\/","title":{"rendered":"Kevin Murphy Young Again Rinse"},"content":{"rendered":"<p>Ger n\u00e4ring och \u00e5terst\u00e4ller ungdomlig lyster till torrt, spr\u00f6tt och skadat h\u00e5r.<br \/>St\u00e4rkande och mjukg\u00f6rande balsam.<br \/>250ml<\/p>\n","protected":false},"excerpt":{"rendered":"<p>Kevin Murphy Young Again Rinse<\/p>\n","protected":false},"featured_media":108,"comment_status":"closed","ping_status":"open","template":"","meta":{"_monsterinsights_skip_tracking":false,"_monsterinsights_sitenote_active":false,"_monsterinsights_sitenote_note":"","_monsterinsights_sitenote_category":0},"hair-type":[88],"manufacturer":[96],"_links":{"self":[{"href":"https:\/\/glamaholic.shop\/new\/wp-json\/wp\/v2\/product\/3401"}],"collection":[{"href":"https:\/\/glamaholic.shop\/new\/wp-json\/wp\/v2\/product"}],"about":[{"href":"https:\/\/glamaholic.shop\/new\/wp-json\/wp\/v2\/types\/product"}],"replies":[{"embeddable":true,"href":"https:\/\/glamaholic.shop\/new\/wp-json\/wp\/v2\/comments?post=3401"}],"wp:featuredmedia":[{"embeddable":true,"href":"https:\/\/glamaholic.shop\/new\/wp-json\/wp\/v2\/media\/108"}],"wp:attachment":[{"href":"https:\/\/glamaholic.shop\/new\/wp-json\/wp\/v2\/media?parent=3401"}],"wp:term":[{"taxonomy":"hair-type","embeddable":true,"href":"https:\/\/glamaholic.shop\/new\/wp-json\/wp\/v2\/hair-type?post=3401"},{"taxonomy":"manufacturer","embeddable":true,"href":"https:\/\/glamaholic.shop\/new\/wp-json\/wp\/v2\/manufacturer?post=3401"}],"curies":[{"name":"wp","href":"https:\/\/api.w.org\/{rel}","templated":true}]}}