{"id":3398,"date":"2021-05-20T01:36:23","date_gmt":"2021-05-20T01:36:23","guid":{"rendered":"http:\/\/glamaholic.shop\/new\/product\/kevin-murphy-hydrate-me-rinse\/"},"modified":"2021-05-20T01:36:24","modified_gmt":"2021-05-20T01:36:24","slug":"kevin-murphy-hydrate-me-rinse","status":"publish","type":"product","link":"https:\/\/glamaholic.shop\/new\/product\/kevin-murphy-hydrate-me-rinse\/","title":{"rendered":"Kevin Murphy Hydrate-Me Rinse"},"content":{"rendered":"<p>\u00c5terfuktande balsam f\u00f6r alla h\u00e5r.<br \/>Utredande effekt.<br \/>Ger ditt h\u00e5r glans.<br \/>\u00c5terfuktar utan att tynga ner ditt h\u00e5r.<br \/>250ml<\/p>\n","protected":false},"excerpt":{"rendered":"<p>Kevin Murphy Hydrate-Me Rinse<\/p>\n","protected":false},"featured_media":102,"comment_status":"closed","ping_status":"open","template":"","meta":{"_monsterinsights_skip_tracking":false,"_monsterinsights_sitenote_active":false,"_monsterinsights_sitenote_note":"","_monsterinsights_sitenote_category":0},"hair-type":[84],"manufacturer":[96],"_links":{"self":[{"href":"https:\/\/glamaholic.shop\/new\/wp-json\/wp\/v2\/product\/3398"}],"collection":[{"href":"https:\/\/glamaholic.shop\/new\/wp-json\/wp\/v2\/product"}],"about":[{"href":"https:\/\/glamaholic.shop\/new\/wp-json\/wp\/v2\/types\/product"}],"replies":[{"embeddable":true,"href":"https:\/\/glamaholic.shop\/new\/wp-json\/wp\/v2\/comments?post=3398"}],"wp:featuredmedia":[{"embeddable":true,"href":"https:\/\/glamaholic.shop\/new\/wp-json\/wp\/v2\/media\/102"}],"wp:attachment":[{"href":"https:\/\/glamaholic.shop\/new\/wp-json\/wp\/v2\/media?parent=3398"}],"wp:term":[{"taxonomy":"hair-type","embeddable":true,"href":"https:\/\/glamaholic.shop\/new\/wp-json\/wp\/v2\/hair-type?post=3398"},{"taxonomy":"manufacturer","embeddable":true,"href":"https:\/\/glamaholic.shop\/new\/wp-json\/wp\/v2\/manufacturer?post=3398"}],"curies":[{"name":"wp","href":"https:\/\/api.w.org\/{rel}","templated":true}]}}