{"id":3395,"date":"2021-05-20T01:36:23","date_gmt":"2021-05-20T01:36:23","guid":{"rendered":"http:\/\/glamaholic.shop\/new\/product\/kevin-murphy-angel-shampoo-conditioner\/"},"modified":"2021-05-20T01:36:23","modified_gmt":"2021-05-20T01:36:23","slug":"kevin-murphy-angel-shampoo-conditioner","status":"publish","type":"product","link":"https:\/\/glamaholic.shop\/new\/product\/kevin-murphy-angel-shampoo-conditioner\/","title":{"rendered":"Kevin Murphy Angel Shampoo + Conditioner"},"content":{"rendered":"<p><span>-F\u00e4rgbevarande schampo f\u00f6r fint \/ tunt h\u00e5r.<\/span><br \/><span>-Antioxidanter som skyddar ditt f\u00e4rgade h\u00e5r.<\/span><br \/><span>-Bygger upp torra och skadade h\u00e5r.<\/span><br \/><span>-Maximal volym, \u00e5terfuktande effekt.<br \/><\/span><span>250ml<br \/><strong>Kevin Murphy Angel Rinse Conditioner<br \/><\/strong><br \/><span>-F\u00e4rgbevarande balsam f\u00f6r alla h\u00e5r.<\/span><br \/><span>-Skyddar ditt h\u00e5r och din h\u00e5rbotten.<\/span><br \/><span>-Reparerar skadade h\u00e5r p\u00e5 djupet.<\/span><br \/><span>-\u00c5terfuktar utan att tynga ditt h\u00e5r<\/span><br \/><span>-\u00d6kar elasticiteten i torrt h\u00e5r.<\/span><br \/><\/span>250ml<\/p>\n","protected":false},"excerpt":{"rendered":"<p>Kevin Murphy Angel Shampoo + Conditioner<\/p>\n","protected":false},"featured_media":96,"comment_status":"closed","ping_status":"open","template":"","meta":{"_monsterinsights_skip_tracking":false,"_monsterinsights_sitenote_active":false,"_monsterinsights_sitenote_note":"","_monsterinsights_sitenote_category":0},"hair-type":[],"manufacturer":[96],"_links":{"self":[{"href":"https:\/\/glamaholic.shop\/new\/wp-json\/wp\/v2\/product\/3395"}],"collection":[{"href":"https:\/\/glamaholic.shop\/new\/wp-json\/wp\/v2\/product"}],"about":[{"href":"https:\/\/glamaholic.shop\/new\/wp-json\/wp\/v2\/types\/product"}],"replies":[{"embeddable":true,"href":"https:\/\/glamaholic.shop\/new\/wp-json\/wp\/v2\/comments?post=3395"}],"wp:featuredmedia":[{"embeddable":true,"href":"https:\/\/glamaholic.shop\/new\/wp-json\/wp\/v2\/media\/96"}],"wp:attachment":[{"href":"https:\/\/glamaholic.shop\/new\/wp-json\/wp\/v2\/media?parent=3395"}],"wp:term":[{"taxonomy":"hair-type","embeddable":true,"href":"https:\/\/glamaholic.shop\/new\/wp-json\/wp\/v2\/hair-type?post=3395"},{"taxonomy":"manufacturer","embeddable":true,"href":"https:\/\/glamaholic.shop\/new\/wp-json\/wp\/v2\/manufacturer?post=3395"}],"curies":[{"name":"wp","href":"https:\/\/api.w.org\/{rel}","templated":true}]}}