{"id":3389,"date":"2021-05-20T01:36:20","date_gmt":"2021-05-20T01:36:20","guid":{"rendered":"http:\/\/glamaholic.shop\/new\/product\/grazette-xl-silver-balsam-1000ml\/"},"modified":"2021-05-20T01:36:22","modified_gmt":"2021-05-20T01:36:22","slug":"grazette-xl-silver-balsam-1000ml","status":"publish","type":"product","link":"https:\/\/glamaholic.shop\/new\/product\/grazette-xl-silver-balsam-1000ml\/","title":{"rendered":"Grazette XL Silver Balsam 1000ml"},"content":{"rendered":"<ul>\n<li>Balsam som reducerar gula reflexer i naturligt eller preparerat blont eller gr\u00e5tt h\u00e5r.<\/li>\n<li>Utredande och glansgivande.<\/li>\n<\/ul>\n<p>Aktiva ingredienser <br \/>&#8211; Gr\u00f6na \u00e4pplen &#8211; Berikad med naturligt extrakt av \u00e4pple. <br \/>&#8211; Solrosextrakt &#8211; Rik p\u00e5 antioxidanter som skyddar naturligt och f\u00e4rgat h\u00e5r mot UV-str\u00e5lning och yttre p\u00e5verkan. <br \/>&#8211; Violetta f\u00e4rger &#8211; D\u00e4mpar gula toner.<br \/>Massera in i v\u00e5tt h\u00e5r. L\u00e5t verka 2-3 min. Sk\u00f6lj v\u00e4l.<br \/>1000ml&nbsp;<\/p>\n","protected":false},"excerpt":{"rendered":"<p>Grazette XL Silver Balsam 1000ml<\/p>\n","protected":false},"featured_media":84,"comment_status":"closed","ping_status":"open","template":"","meta":{"_monsterinsights_skip_tracking":false,"_monsterinsights_sitenote_active":false,"_monsterinsights_sitenote_note":"","_monsterinsights_sitenote_category":0},"hair-type":[83],"manufacturer":[94],"_links":{"self":[{"href":"https:\/\/glamaholic.shop\/new\/wp-json\/wp\/v2\/product\/3389"}],"collection":[{"href":"https:\/\/glamaholic.shop\/new\/wp-json\/wp\/v2\/product"}],"about":[{"href":"https:\/\/glamaholic.shop\/new\/wp-json\/wp\/v2\/types\/product"}],"replies":[{"embeddable":true,"href":"https:\/\/glamaholic.shop\/new\/wp-json\/wp\/v2\/comments?post=3389"}],"wp:featuredmedia":[{"embeddable":true,"href":"https:\/\/glamaholic.shop\/new\/wp-json\/wp\/v2\/media\/84"}],"wp:attachment":[{"href":"https:\/\/glamaholic.shop\/new\/wp-json\/wp\/v2\/media?parent=3389"}],"wp:term":[{"taxonomy":"hair-type","embeddable":true,"href":"https:\/\/glamaholic.shop\/new\/wp-json\/wp\/v2\/hair-type?post=3389"},{"taxonomy":"manufacturer","embeddable":true,"href":"https:\/\/glamaholic.shop\/new\/wp-json\/wp\/v2\/manufacturer?post=3389"}],"curies":[{"name":"wp","href":"https:\/\/api.w.org\/{rel}","templated":true}]}}