{"id":3387,"date":"2021-05-20T01:36:20","date_gmt":"2021-05-20T01:36:20","guid":{"rendered":"http:\/\/glamaholic.shop\/new\/product\/grazette-xl-silverbalsam-250ml\/"},"modified":"2021-05-20T01:36:22","modified_gmt":"2021-05-20T01:36:22","slug":"grazette-xl-silverbalsam-250ml","status":"publish","type":"product","link":"https:\/\/glamaholic.shop\/new\/product\/grazette-xl-silverbalsam-250ml\/","title":{"rendered":"Grazette XL Silverbalsam 250ml"},"content":{"rendered":"<p>Balsam som tar bort gula toner i h\u00e5ret och ger lyster och glans. <br \/>Silverbalsam \u00e4r till f\u00f6r dig som \u00e4r Blond eller gr\u00e5h\u00e5rig samt vith\u00e5rig. <br \/>I dessa h\u00e5rf\u00e4rger syns luftf\u00f6roreningar och missf\u00e4rgningar fr\u00e5n vatten som en gulaktig ton n\u00e4stan nikotinf\u00e4rg. Silvershampo tar bort detta och g\u00f6r att h\u00e5ret \u00e5terf\u00e5r sin glans.<br \/>F\u00f6r maximal effekt anv\u00e4der du Silvershampo och Silverbalsam.<br \/>250ml<\/p>\n<p>Sulfatfri &amp; Parabenfri produkt.<\/p>\n","protected":false},"excerpt":{"rendered":"<p>Grazette XL Silverbalsam 250ml<\/p>\n","protected":false},"featured_media":80,"comment_status":"closed","ping_status":"open","template":"","meta":{"_monsterinsights_skip_tracking":false,"_monsterinsights_sitenote_active":false,"_monsterinsights_sitenote_note":"","_monsterinsights_sitenote_category":0},"hair-type":[83],"manufacturer":[94],"_links":{"self":[{"href":"https:\/\/glamaholic.shop\/new\/wp-json\/wp\/v2\/product\/3387"}],"collection":[{"href":"https:\/\/glamaholic.shop\/new\/wp-json\/wp\/v2\/product"}],"about":[{"href":"https:\/\/glamaholic.shop\/new\/wp-json\/wp\/v2\/types\/product"}],"replies":[{"embeddable":true,"href":"https:\/\/glamaholic.shop\/new\/wp-json\/wp\/v2\/comments?post=3387"}],"wp:featuredmedia":[{"embeddable":true,"href":"https:\/\/glamaholic.shop\/new\/wp-json\/wp\/v2\/media\/80"}],"wp:attachment":[{"href":"https:\/\/glamaholic.shop\/new\/wp-json\/wp\/v2\/media?parent=3387"}],"wp:term":[{"taxonomy":"hair-type","embeddable":true,"href":"https:\/\/glamaholic.shop\/new\/wp-json\/wp\/v2\/hair-type?post=3387"},{"taxonomy":"manufacturer","embeddable":true,"href":"https:\/\/glamaholic.shop\/new\/wp-json\/wp\/v2\/manufacturer?post=3387"}],"curies":[{"name":"wp","href":"https:\/\/api.w.org\/{rel}","templated":true}]}}