{"id":3384,"date":"2021-05-20T01:36:20","date_gmt":"2021-05-20T01:36:20","guid":{"rendered":"http:\/\/glamaholic.shop\/new\/product\/goldwell-dualsenses-curly-twist-conditioner\/"},"modified":"2021-05-20T01:36:21","modified_gmt":"2021-05-20T01:36:21","slug":"goldwell-dualsenses-curly-twist-conditioner","status":"publish","type":"product","link":"https:\/\/glamaholic.shop\/new\/product\/goldwell-dualsenses-curly-twist-conditioner\/","title":{"rendered":"Goldwell Dualsenses Curly Twist Conditioner"},"content":{"rendered":"<p>Skonsamt balsam som g\u00f6r h\u00e5ret mer l\u00e4ttkammat  och elastiskt. Tillf\u00f6r fukt och sp\u00e4nst i lockigt och  v\u00e5gigt h\u00e5r. Inneh\u00e5ller bambuextrakt som skapar  sammanh\u00e5llna och gl\u00e4nsande lockar.<br \/><strong>Anv\u00e4ndning:<\/strong><br \/>F\u00f6rdela j\u00e4mnt i schamponerat h\u00e5r, l\u00e5t verka en  kort stund och sk\u00f6lj noga.<br \/>200ml<br \/>&nbsp;<\/p>\n","protected":false},"excerpt":{"rendered":"<p>Goldwell Dualsenses Curly Twist Conditioner<\/p>\n","protected":false},"featured_media":74,"comment_status":"closed","ping_status":"open","template":"","meta":{"_monsterinsights_skip_tracking":false,"_monsterinsights_sitenote_active":false,"_monsterinsights_sitenote_note":"","_monsterinsights_sitenote_category":0},"hair-type":[93],"manufacturer":[92],"_links":{"self":[{"href":"https:\/\/glamaholic.shop\/new\/wp-json\/wp\/v2\/product\/3384"}],"collection":[{"href":"https:\/\/glamaholic.shop\/new\/wp-json\/wp\/v2\/product"}],"about":[{"href":"https:\/\/glamaholic.shop\/new\/wp-json\/wp\/v2\/types\/product"}],"replies":[{"embeddable":true,"href":"https:\/\/glamaholic.shop\/new\/wp-json\/wp\/v2\/comments?post=3384"}],"wp:featuredmedia":[{"embeddable":true,"href":"https:\/\/glamaholic.shop\/new\/wp-json\/wp\/v2\/media\/74"}],"wp:attachment":[{"href":"https:\/\/glamaholic.shop\/new\/wp-json\/wp\/v2\/media?parent=3384"}],"wp:term":[{"taxonomy":"hair-type","embeddable":true,"href":"https:\/\/glamaholic.shop\/new\/wp-json\/wp\/v2\/hair-type?post=3384"},{"taxonomy":"manufacturer","embeddable":true,"href":"https:\/\/glamaholic.shop\/new\/wp-json\/wp\/v2\/manufacturer?post=3384"}],"curies":[{"name":"wp","href":"https:\/\/api.w.org\/{rel}","templated":true}]}}