{"id":3382,"date":"2021-05-20T01:36:20","date_gmt":"2021-05-20T01:36:20","guid":{"rendered":"http:\/\/glamaholic.shop\/new\/product\/goldwell-dualsenses-ultra-volume-lightweight-conditioner-200ml\/"},"modified":"2021-05-20T01:36:21","modified_gmt":"2021-05-20T01:36:21","slug":"goldwell-dualsenses-ultra-volume-lightweight-conditioner-200ml","status":"publish","type":"product","link":"https:\/\/glamaholic.shop\/new\/product\/goldwell-dualsenses-ultra-volume-lightweight-conditioner-200ml\/","title":{"rendered":"Goldwell Dualsenses Ultra Volume Lightweight Conditioner 200ml"},"content":{"rendered":"<\/p>\n<p>Fj\u00e4derl\u00e4tt, silikonfritt balsam f\u00f6r fint till normalt h\u00e5r.<\/p>\n<p>Tillf\u00f6r tyngdl\u00f6s fyllighet och glans.<\/p>\n<p>St\u00e4rker h\u00e5ret och g\u00f6r det mer l\u00e4ttkammat.<\/p>\n<p>Anv\u00e4ndning:<br \/> F\u00f6rdela j\u00e4mnt i schamponerat h\u00e5r, l\u00e5t verka en kort stund och sk\u00f6lj noga<\/p>\n<p>200ml<\/p>\n","protected":false},"excerpt":{"rendered":"<p>Goldwell Dualsenses Ultra Volume Lightweight Conditioner 200ml<\/p>\n","protected":false},"featured_media":70,"comment_status":"closed","ping_status":"open","template":"","meta":{"_monsterinsights_skip_tracking":false,"_monsterinsights_sitenote_active":false,"_monsterinsights_sitenote_note":"","_monsterinsights_sitenote_category":0},"hair-type":[79],"manufacturer":[92],"_links":{"self":[{"href":"https:\/\/glamaholic.shop\/new\/wp-json\/wp\/v2\/product\/3382"}],"collection":[{"href":"https:\/\/glamaholic.shop\/new\/wp-json\/wp\/v2\/product"}],"about":[{"href":"https:\/\/glamaholic.shop\/new\/wp-json\/wp\/v2\/types\/product"}],"replies":[{"embeddable":true,"href":"https:\/\/glamaholic.shop\/new\/wp-json\/wp\/v2\/comments?post=3382"}],"wp:featuredmedia":[{"embeddable":true,"href":"https:\/\/glamaholic.shop\/new\/wp-json\/wp\/v2\/media\/70"}],"wp:attachment":[{"href":"https:\/\/glamaholic.shop\/new\/wp-json\/wp\/v2\/media?parent=3382"}],"wp:term":[{"taxonomy":"hair-type","embeddable":true,"href":"https:\/\/glamaholic.shop\/new\/wp-json\/wp\/v2\/hair-type?post=3382"},{"taxonomy":"manufacturer","embeddable":true,"href":"https:\/\/glamaholic.shop\/new\/wp-json\/wp\/v2\/manufacturer?post=3382"}],"curies":[{"name":"wp","href":"https:\/\/api.w.org\/{rel}","templated":true}]}}